{"id":2218,"date":"2023-08-27T23:30:57","date_gmt":"2023-08-27T23:30:57","guid":{"rendered":"https:\/\/development.wyde.dog\/?page_id=2218"},"modified":"2023-08-27T23:30:57","modified_gmt":"2023-08-27T23:30:57","slug":"agb","status":"publish","type":"page","link":"https:\/\/dev.wyde.dog\/index.php\/agb\/","title":{"rendered":"AGB"},"content":{"rendered":"<div class=\"fusion-fullwidth fullwidth-box fusion-builder-row-1 fusion-flex-container nonhundred-percent-fullwidth non-hundred-percent-height-scrolling\" style=\"--awb-border-radius-top-left:0px;--awb-border-radius-top-right:0px;--awb-border-radius-bottom-right:0px;--awb-border-radius-bottom-left:0px;--awb-flex-wrap:wrap;\" ><div class=\"fusion-builder-row fusion-row fusion-flex-align-items-flex-start fusion-flex-content-wrap\" style=\"max-width:1419.6px;margin-left: calc(-4% \/ 2 );margin-right: calc(-4% \/ 2 );\"><div class=\"fusion-layout-column fusion_builder_column fusion-builder-column-0 fusion_builder_column_1_1 1_1 fusion-flex-column\" style=\"--awb-bg-blend:overlay;--awb-bg-size:cover;--awb-width-large:100%;--awb-margin-top-large:0px;--awb-spacing-right-large:1.92%;--awb-margin-bottom-large:0px;--awb-spacing-left-large:1.92%;--awb-width-medium:100%;--awb-spacing-right-medium:1.92%;--awb-spacing-left-medium:1.92%;--awb-width-small:100%;--awb-spacing-right-small:1.92%;--awb-spacing-left-small:1.92%;\"><div class=\"fusion-column-wrapper fusion-flex-justify-content-flex-start fusion-content-layout-column\"><div class=\"fusion-text fusion-text-1\"><\/p>\n<h2 class=\"wp-block-heading\">Allgemeine Gesch\u00e4ftsbedingungen (Stand 04\/2022)<\/h2>\n<h2>Hundetraining<\/h2>\n<h2>\u00a7 1 Leistungsumfang<\/h2>\n<p>(1) Die Trainerin bietet Leistungen aus folgenden Themenbereichen an: Grundausbildung, Verhaltensauff\u00e4lligkeiten im Bereich des Angst- und Aggressionsverhaltens, Entspannungstraining und Besch\u00e4ftigung.<br \/>(2) Der konkrete Inhalt und Gegenstand der Vereinbarung und des Trainings ergeben sich aus den von den Kunden im Rahmen des Erstgespr\u00e4chs, vor dem Erstgespr\u00e4ch oder im Verlauf des Trainings angegebenen Themen. Die Trainerin bietet generell folgende Leistungen an:<br \/>&#8211; Ein kostenloses Vorgespr\u00e4ch am Telefon von 15min.<br \/>&#8211; Online Coaching inkl. Videoauswertungen<br \/>&#8211; Ausf\u00fchrliche Anamnese<br \/>&#8211; Beantwortung von Fragen<br \/>&#8211; Individueller Trainingsplan<br \/>&#8211; Training vor Ort bei den Kunden zu Hause<br \/>&#8211; Funktionale Verhaltensanalyse<br \/>&#8211; Videos analysieren<br \/>&#8211; Wissensvermittlung<\/p>\n<p>(3) Der Trainingserfolg ist von einer Vielzahl von beeinflussbaren, jedoch auch von nicht beeinflussbaren Faktoren abh\u00e4ngig. Es wird daher darauf hingewiesen, dass ein Trainingserfolg dahingehend, als dass der Hund\/die Hunde das von dem\/den Kunden gew\u00fcnschte Wunschverhalten auf jeden Fall zeigt und\/oder ein unerw\u00fcnschtes Verhalten auf keinen Fall (mehr) zeigt, nicht von der Trainerin geschuldet wird. Im \u00dcbrigen ist der Trainingserfolg u.a. davon abh\u00e4ngig, dass die von den Kunden der Trainerin notwendigen Informationen, sowie ggf. Bild- und Videomaterial vollst\u00e4ndig und richtig sind und insbesondere die empfohlenen und angeleiteten Trainingsmethoden und \u00dcbungen entsprechend der jeweiligen Trainingsempfehlung eingehalten werden. Die Kunden verpflichten sich daher zur aktiven Mitarbeit.<\/p>\n<h2>\u00a7 2 Hinweis-, Informations- und Verkehrssicherungspflicht des Kunden\/der Kunden<\/h2>\n<p>(1) Die Teilnahme am Training erfolgt stets auf eigene Gefahr und eigenes Risiko. Die Anwesenheit der Trainerin entbindet die Kunden sowie s\u00e4mtliche Personen, die das Mensch-Hund-Team in den Trainingseinheiten begleiten, in keinem Fall von der ihnen stets obliegenden Verkehrssicherungs- und Aufsichtspflicht f\u00fcr den gef\u00fchrten Hund. Der Hund ist \u2013 es sei denn, die Trainingssituation erfordert etwas anderes &#8211; ausnahmslos an der Leine zu f\u00fchren. Den Anordnungen der Trainerin ist im Hinblick auf die Sicherheit von Menschen und anderen Hunde unverz\u00fcglich Folge zu leisten.<br \/>(2) Das Training richtet sich nach dem individuellen Trainingsstand und den individuellen M\u00f6glichkeiten des Mensch-Hund-Teams unter Ber\u00fccksichtigung der Rasse, des Alters, des Geschlechtes, den k\u00f6rperlichen Voraussetzungen und der etwaigen Verhaltensauff\u00e4lligkeit des Hundes.<br \/>(3) Das Training findet an wechselnden Orten statt, wobei diese entsprechend dem Trainingsthema gew\u00e4hlt werden. Die st\u00e4dtischen und\/oder kommunalen Vorschriften der Trainingsorte sind jedenfalls einzuhalten.<br \/>(4) Das Training im Au\u00dfenbereich mit l\u00e4ufigen H\u00fcndinnen erfolgt in Absprache mit der Trainerin. Die Halter haben die Trainerin \u00fcber Erkrankungen gleich welcher Art und\/oder Besonderheiten des Hundes vor dem Training zu informieren. Ein g\u00fcltiger Impfschutz wird vorausgesetzt.<\/p>\n<h2>\u00a7 3 Zustandekommen der Vereinbarung<\/h2>\n<p>Der Vertrag kommt zustande, indem der Kunde die Trainingsvereinbarung unterzeichnen.<\/p>\n<h2>\u00a7 4 Preise<\/h2>\n<p>(1) Es werden folgende Leistungen angeboten:<br \/>\u25cf Ausf\u00fchrliches Anamnesegespr\u00e4ch: 75,00\u20ac<br \/>\u25cf Einzeltraining vor Ort: 70,00\u20ac<br \/>\u25cf Einzeltraining 5er-Karte: 300,00\u20ac<br \/>\u25cf Online-Coaching inkl. Auswertung von Videos deines Alltages mit Hund: 60,00\u20ac<br \/>\u25cf Online-Coaching 5er-Karte: 250,00\u20ac<br \/>\u25cf Online-Coaching Termin (Hundewissen) ohne Auswertung von Videos: 50,00\u20ac<br \/>\u25cf Audio- oder Videotelefonat von 30 min. f\u00fcr weiteren Gespr\u00e4chsbedarf: 30,00\u20ac<\/p>\n<p>Je nach Thema wird die Trainerin im Rahmen des Erstgespr\u00e4chs und\/oder der ersten Trainingsstunde darauf hinweisen, dass zur Bearbeitung des jeweiligen Themas eine Mindestanzahl an Trainingsstunden erforderlich ist.<br \/>(2) Die Trainingspakete haben eine Laufzeit von maximal 24 Monaten. Der Kunde hat jedoch monatlich die M\u00f6glichkeit, das von ihm gebuchte Trainingspaket zu k\u00fcndigen und zwar mit einer Frist von 3 Wochen zum Monatsende.<br \/>(3) Sollte der Kunde die Trainingsvereinbarung bereits unterzeichnet haben und der Vertrag zustande gekommen sein, hat der Kunde die M\u00f6glichkeit, seine im Rahmen des Vertragsabschlusses abgegebene Willenserkl\u00e4rung zu widerrufen bevor seitens der Trainerin eine Leistung erbracht wurde und bevor der erste Termin stattgefunden hat. Dieser Widerruf hat in Textform gegen\u00fcber der Trainerin zu erfolgen und hat bis sp\u00e4testens 24 Stunden vor Beginn der ersten Leistungserbringung zu erfolgen.<br \/>(4) Bei Anfahrt der Trainerin zum Wohnort des Kunden sowie den Trainings im Au\u00dfenbereich fallen Fahrtkosten iHv \u20ac 0,30* pro gefahrenen Kilometer an.<br \/>(5) Datum und Uhrzeit des Trainings werden mit den Kunden individuell vereinbart. Die Bezahlung der ggf. vor dem Trainingspaket gebuchten Einzelstunden erfolgt nach erbrachter Leistung in bar oder per \u00dcberweisung auf das Konto der Trainerin. Die Bezahlung der Trainingspakete erfolgt zu Beginn des Trainingsmonats im Voraus in bar oder per \u00dcberweisung auf das Konto der Trainerin nach erfolgter Rechnungstellung.<br \/>(6) Versp\u00e4tungen des Kunden gehen zu dessen Lasten und berechtigen nicht zur anteiligen R\u00fcckforderung der Verg\u00fctung. Eine Absage oder Verschiebung des vereinbarten Trainings muss mindestens 24 Stunden vorher durch den Kunden erfolgen. Erfolgt dies nicht oder sp\u00e4ter, wird das Training voll berechnet.<br \/>(7) Bei durch dem\/den Kunden verschuldeten vorzeitigen Abbruch der Trainingsstunde werden bereits gezahlte Geb\u00fchren nicht erstattet.<br \/>(8) Bei Zahlungsverzug des Kunden hat die Trainerin an der von ihr zu erbringenden Leistung ein Zur\u00fcckbehaltungsrecht.<\/p>\n<h2>\u00a7 5 Haftung<\/h2>\n<p>(1) Die Trainerin haftet nur f\u00fcr Vorsatz und grobe Fahrl\u00e4ssigkeit, soweit es sich nicht um Sch\u00e4den des Lebens, des K\u00f6rpers und der Gesundheit handelt. S\u00e4mtliche Begleitpersonen, die an einer Trainingsstunde teilnehmen, sind von dieser Haftungsregelung erfasst.<br \/>(2) F\u00fcr s\u00e4mtliche Sch\u00e4den, die durch die trainierten Hunde verursacht werden, haftet der Hundehalter und\/oder Eigent\u00fcmer des Hundes. Der Abschluss einer Hundehalterhaftpflichtversicherung ist Voraussetzung f\u00fcr die Teilnahme.<br \/>(3) F\u00fcr s\u00e4mtliche Sch\u00e4den, die durch die Anwendung und Ausf\u00fchrung von Trainingsvorschl\u00e4gen, sei es an Rechtsg\u00fctern Dritter oder an Rechtsg\u00fctern des Kunden, entstehen, haftet der Kunde selbst.<\/p>\n<h2>\u00a7 6 Urheberrecht<\/h2>\n<p>Trainingszusammenfassungen, Anleitungen, Handouts, Skripte, sonstige Materialien, Videos und Fotos, die dem Kunden im Rahmen des Trainings ausgeh\u00e4ndigt werden, sind urheberrechtlich gesch\u00fctzt und d\u00fcrfen ohne schriftliche Genehmigung der Trainerin nicht vervielf\u00e4ltigt oder verbreitet werden.<\/p>\n<h2>\u00a7 7 Datenschutz<\/h2>\n<p>Die von dem Kunden angegeben personenbezogenen Daten werden von der Trainerin gespeichert und allein zum Zwecke der Vertragserf\u00fcllung gespeichert und verarbeitet. Auf die separat auszuh\u00e4ndigende Einwilligungserkl\u00e4rung gem\u00e4\u00df den Vorschriften der DSGVO wird verwiesen.<\/p>\n<h2>\u00a7 8 Individualabreden<\/h2>\n<p>Von diesen Allgemeinen Trainingsbedingungen und der geschlossenen Trainingsvereinbarung k\u00f6nnen die Trainerin und der Kunde\/die Kunden abweichende Individualabreden in Textform treffen. Diese sind dann gegen\u00fcber den Allgemeinen Trainingsbedingungen vorrangig.<\/p>\n<h2>\u00a7 9 Salvatorische Klausel<\/h2>\n<p>Sollte eine Bestimmung der Vereinbarung und\/oder der Allgemeinen Trainingsbedingungen und\/oder seine \u00c4nderungen bzw. Erg\u00e4nzungen unwirksam sein, so wird dadurch die Wirksamkeit des Vertrages im \u00dcbrigen nicht ber\u00fchrt. Die unwirksame Bestimmung wird durch eine wirksame ersetzt, die dem wirtschaftlich Gewollten am n\u00e4chsten kommt.<\/p>\n<h2>Dogwalking<\/h2>\n<h2>\u00a7 1 Leistungsumfang<\/h2>\n<p>(1) Die Vertragsparteien schlie\u00dfen einen Dienstvertrag. Die Dogwalkerin erbringt folgende Leistungen, wobei die Leistungen im Einzelnen individualvertraglich vereinbart werden:<br \/>a) Abholung und Bringdienst: Der Hund wird von der Dogwalkerin zu der vereinbarten Zeit bei dem Kunden abgeholt und nach Beendigung des Spazierganges wieder zur\u00fcck gebracht. Der Fahrdienst erfolgt mit dem Pkw der Dogwalkerin, sodass der Hund \u2013 je nach Gr\u00f6\u00dfe und Gewicht\u2013 entweder auf der R\u00fcckbank (am Geschirr angeschnallt) oder im Kofferraum (ebenfalls am Geschirr angeschnallt) mitf\u00e4hrt. Da der Spaziergang mit mehreren Hunden \u2013 maximal jedoch mit f\u00fcnf Hunden &#8211; erfolgt, kann es sein, dass der Hund mit anderen Hunden zusammen im Pkw der Dogwalkerin f\u00e4hrt, wobei nicht mehr als insgesamt drei Hunde im Pkw transportiert werden.<br \/>b) Spazierg\u00e4nge: Die Dogwalkerin geht mit dem Hund spazieren. Die maximale Anzahl der gemeinsam ausgef\u00fchrten Hunde ist f\u00fcnf. Die L\u00e4nge des Spaziergangs sowie die Umgebung, in der der Spaziergang stattfindet, wird die Dogwalkerin individuell nach den Besonderheiten der Gruppe und den Besonderheiten der einzelnen Hunde bestimmen. Die Dauer der Spazierg\u00e4nge liegt f\u00fcr gesunde und fitte Hunde ohne k\u00f6rperliche Einschr\u00e4nkungen zwischen 60 und 90 Minuten. Ist der Hund \u2013 oder einer der Hunde in der Gruppe \u2013 \u201eSenior\u201c oder bewegungseingeschr\u00e4nkt, so richtet sich die Dauer individuell nach den Bed\u00fcrfnissen und F\u00e4higkeiten des eingeschr\u00e4nkten Hundes.<br \/>c) Besch\u00e4ftigung\/Enrichment: Die Dogwalkerin wird dem Hund auf den Spazierg\u00e4ngen Besch\u00e4ftigungs- und Enrichmentm\u00f6glichkeiten anbieten, die sich an den Interessen, der Fitness und den (evtl. rassespezifischen) Bed\u00fcrfnissen des Hundes richten. Als Belohnung werden Futter und Spielzeug verwendet.<br \/>(2) Der konkrete Leistungsumfang, sowie die von der Dogwalkerin ggf. zu beachtenden Besonderheiten des Hundes, ergeben sich aus dem Erstgespr\u00e4ch, das dem Kennenlernen des Kunden und des Hundes dient und einen Probespaziergang mit dem Kunden gemeinsam beinhaltet, sowie nach dem konkreten Inhalt des nach dem Probespaziergang zu schlie\u00dfenden Vertrags.<\/p>\n<h2>\u00a7 2 Informationspflichten des Kunden<\/h2>\n<p>(1) Vor Zustandekommen des Dogwalkervertrags ist der Kunde verpflichtet, der Dogwalkerin die zur Erf\u00fcllung der vertraglichen Pflichten notwendigen Informationen zu \u00fcbermitteln und die entsprechenden Angaben wahrheitsgem\u00e4\u00df zu machen. Diese Informationen sind zwingend notwendig, um zu beurteilen, ob sich der Hund f\u00fcr eine bestimmte Dogwalking-Gruppe eignet und die gesetzlichen Voraussetzungen zum F\u00fchren dieses Hundes erf\u00fcllt sind bzw. erf\u00fcllt werden k\u00f6nnen. Die Informationen wird der Kunde der Dogwalkerin im Rahmen des Erstgespr\u00e4chs\/des Kennenlern-Spazierganges und sodann verbindlich im Rahmen des jeweils zu schlie\u00dfenden Vertrags mitteilen und die entsprechenden Nachweise vorlegen.<\/p>\n<h2>\u00a7 3 Voraussetzungen f\u00fcr das Zustandekommen des Vertrags<\/h2>\n<p>(1) Folgende Voraussetzungen m\u00fcssen erf\u00fcllt sein:<br \/>a) Mikrochip<br \/>b) Ein gut sitzendes Brustgeschirr<br \/>c) Bei Hunden ohne Unterfell (z.B. Jack Russel Terrier, Rhodesian Ridgebacks, Magyar Viszla, Dalmatiner, Staffordshire Bullterrier, Pitbullterrier, Dackel, Beagle, Galgos, Greyhounds) muss ab + 5 \u00b0C ein Mantel bereitgestellt werden<br \/>d) Hundehalterhaftpflichtversicherung: Dem Kunden wird empfohlen, sich vor Zustandekommen des Vertrags bei seiner Hundehalterhaftpflichtversicherung zu erkundigen, ob der Hund auch im Fall des gewerblichen Fremdh\u00fctens versichert ist.<br \/>e) Ordnungsgem\u00e4\u00dfe Meldung bei der Kommune<br \/>f) Bei sog. \u201eListenhunden\u201c sowie den in \u00a7\u00a7 3, 10 LHundG NRW genannten Hunderassen ist die Bescheinigung \u00fcber einen Wesenstest oder den Hundef\u00fchrerschein vorzulegen oder ein gut sitzender Maulkorb bereit zu stellen, an der Hund bereits gut gew\u00f6hnt ist; auch ist die Erf\u00fcllung der f\u00fcr diese Hunde gesetzlich vorgeschriebenen Pflichten nachzuweisen (Kastration, ordnungsgem\u00e4\u00dfe Meldung, Haftpflichtversicherung usw.)<br \/>g) Der Hund ist grunds\u00e4tzlich vertr\u00e4glich mit anderen Hunden.<br \/>h) Ein Impfschutz gegen die gesetzlich verpflichtenden Impfungen.<\/p>\n<p>(2) Folgendes wird empfohlen:<br \/>a) Schutz vor Zecken, Fl\u00f6hen, Haarlingen und anderen Parasiten (saisonal bedingt)<br \/>b) Registrierung bei TASSO<\/p>\n<h2>\u00a7 4 Zustandekommen der Vereinbarung<\/h2>\n<p>Der Vertrag kommt zustande, indem der Kunde die entsprechende Dogwalker-Vereinbarung unterzeichnet.<\/p>\n<h2>\u00a7 5 Preise<\/h2>\n<p>(1) F\u00fcr die von der Dogwalkerin zu erbringenden Leistungen gilt die in vereinbarte Verg\u00fctung.<br \/>(2) Die Bezahlung erfolgt per \u00dcberweisung auf das Konto der Dogwalkerin nach entsprechender Rechnungsstellung. Die Rechnung wird bei gebuchten Monatsabos zu Beginn des Monats gestellt. Sollte der Kunde kein Monatsabo gebucht haben, sondern Einzelleitungen in Anspruch nehmen, erfolgt die Rechnungsstellung nach erbrachter Leistung zum Monatsende. Die vereinbarte Verg\u00fctung ist sp\u00e4testens 14 Tage nach Zugang der Rechnung beim Kunden f\u00e4llig. Nach Ablauf dieser Frist befindet sich der Kunde automatisch mit der Zahlung in Verzug.<\/p>\n<h2>\u00a7 6 Haftung<\/h2>\n<p>(1) F\u00fcr s\u00e4mtliche Sch\u00e4den, die w\u00e4hrend der Zeit, in der sich der Hund in der Obhut der Dogwalkerin befindet, an dem Hund oder an Rechtsg\u00fctern Dritter entstehen, haftet die Dogwalkerin nur bei Vorsatz und grober Fahrl\u00e4ssigkeit, es sei denn es handelt sich um Sch\u00e4den des Lebens, des K\u00f6rpers und der Gesundheit des Kunden.<br \/>(2) Es wird ausdr\u00fccklich darauf hingewiesen, dass die sich aus \u00a7 833 BGB ergebende Tierhalterhaftung auch dann nicht auf die Dogwalkerin \u00fcbergeht, wenn sich der Hund in der Obhut der Dogwalkerin befindet. Die in \u00a7 833 BGB gesetzlich normierte Tiergefahr verbleibt ununterbrochen bei dem Hundehalter.<br \/>(3) F\u00fcr den Fall, dass der Hund des Kunden ausrei\u00dft, gestohlen wird und\/oder sich verletzt \u2013 sei es durch einen Unfall, einen anderen Hund, durch Wild, den Stra\u00dfenverkehr, die Aufnahme von Giftstoffen und\/oder Unrat sowie verletzenden Gegenst\u00e4nden etc. \u2013 haftet die Dogwalkerin nur bei grober Fahrl\u00e4ssigkeit oder Vorsatz, es sei denn es handelt sich um Sch\u00e4den des Lebens, des K\u00f6rpers und der Gesundheit des Kunden.<br \/>(4) Sollte sich der Hund, w\u00e4hrend er sich im unmittelbaren Besitz der Dogwalkerin befindet, verletzen, wird die Dogwalkerin den Kunden unverz\u00fcglich davon in Kenntnis setzen und nach R\u00fccksprache und Einverst\u00e4ndnis des Kunden mit dem Hund einen Tierarzt aufsuchen. F\u00fcr die durch diesen Tierarztbesuch entstehenden Kosten wird die Dogwalkerin nicht aufkommen, die Kosten sind in voller H\u00f6he von dem Kunden zu begleichen. Sollte die Dogwalkerin Tierarztkosten vorgelegt haben, verpflichten sich die Kunden, der Dogwalkerin den sich aus der entsprechenden Tierarztrechnung ergebenden Betrag zu erstatten.<br \/>(5) Sollte die Verletzung des Hundes im konkreten Einzelfall ein sofortiges Handeln der Dogwalkerin und somit einen sofortigen Besuch beim Tierarzt und\/oder einer Tierklinik erforderlich machen ohne dass vorher mit dem Kunden R\u00fccksprache gehalten werden konnte, sind auch die dadurch entstehenden Behandlungs- und Tierarztkosten sind in voller H\u00f6he von dem Kunden zu begleichen. Sollte die Dogwalkerin Tierarztkosten vorgelegt haben, verpflichten sich die Kunden auch in diesem Fall, der Dogwalkerin den sich aus der entsprechenden Tierarztrechnung ergebenden Betrag zu erstatten.<br \/>(6) Sollte der Kunde der Dogwalkerin zwecks Abholung oder Zur\u00fcckbringen des Hundes einen Schl\u00fcssel zur Wohnung\/Haus etc. ausgeh\u00e4ndigt haben, haftet die Dogwalkerin bei Verlust des Schl\u00fcssels ebenfalls nur in F\u00e4llen von grober Fahrl\u00e4ssigkeit und Vorsatz, es sei denn es handelt sich um Sch\u00e4den des Lebens, des K\u00f6rpers und der Gesundheit des Kunden.<\/p>\n<h2>\u00a7 7 Datenschutz<\/h2>\n<p>Die von dem Kunden angegeben personenbezogenen Daten werden von der Dogwalkerin gespeichert und allein zum Zwecke der Vertragserf\u00fcllung gespeichert und verarbeitet. Auf die separat auszuh\u00e4ndigende Einwilligungserkl\u00e4rung gem\u00e4\u00df den Vorschriften der DSGVO wird verwiesen.<\/p>\n<h2>\u00a7 8 Individualabreden<\/h2>\n<p>Von diesen Allgemeinen Gesch\u00e4ftsbedingungen und der geschlossenen Vereinbarung k\u00f6nnen die Dogwalkerin und der Kunde abweichende Individualabreden in Textform treffen. Diese sind dann gegen\u00fcber den Allgemeinen Gesch\u00e4ftsbedingungen vorrangig.<\/p>\n<h2>\u00a7 9 Salvatorische Klausel<\/h2>\n<p>Sollte eine Bestimmung der Vereinbarung und\/oder der Allgemeinen Gesch\u00e4ftsbedingungen und\/oder seine \u00c4nderungen bzw. Erg\u00e4nzungen unwirksam sein, so wird dadurch die Wirksamkeit des Vertrages im \u00dcbrigen nicht ber\u00fchrt. Die unwirksame Bestimmung wird durch eine wirksame ersetzt, die dem wirtschaftlich Gewollten am n\u00e4chsten kommt.<\/p><\/p>\n<\/div><\/div><\/div><\/div><\/div>","protected":false},"excerpt":{"rendered":"","protected":false},"author":1,"featured_media":0,"parent":0,"menu_order":0,"comment_status":"closed","ping_status":"closed","template":"","meta":{"footnotes":""},"_links":{"self":[{"href":"https:\/\/dev.wyde.dog\/index.php\/wp-json\/wp\/v2\/pages\/2218"}],"collection":[{"href":"https:\/\/dev.wyde.dog\/index.php\/wp-json\/wp\/v2\/pages"}],"about":[{"href":"https:\/\/dev.wyde.dog\/index.php\/wp-json\/wp\/v2\/types\/page"}],"author":[{"embeddable":true,"href":"https:\/\/dev.wyde.dog\/index.php\/wp-json\/wp\/v2\/users\/1"}],"replies":[{"embeddable":true,"href":"https:\/\/dev.wyde.dog\/index.php\/wp-json\/wp\/v2\/comments?post=2218"}],"version-history":[{"count":1,"href":"https:\/\/dev.wyde.dog\/index.php\/wp-json\/wp\/v2\/pages\/2218\/revisions"}],"predecessor-version":[{"id":2219,"href":"https:\/\/dev.wyde.dog\/index.php\/wp-json\/wp\/v2\/pages\/2218\/revisions\/2219"}],"wp:attachment":[{"href":"https:\/\/dev.wyde.dog\/index.php\/wp-json\/wp\/v2\/media?parent=2218"}],"curies":[{"name":"wp","href":"https:\/\/api.w.org\/{rel}","templated":true}]}}