{"id":3,"date":"2020-05-20T07:28:50","date_gmt":"2020-05-20T07:28:50","guid":{"rendered":"https:\/\/development.wyde.dog\/?page_id=3"},"modified":"2024-02-28T22:31:41","modified_gmt":"2024-02-28T22:31:41","slug":"privacy-policy","status":"publish","type":"page","link":"https:\/\/dev.wyde.dog\/index.php\/privacy-policy\/","title":{"rendered":"Datenschutzerkl\u00e4rung"},"content":{"rendered":"<div class=\"fusion-fullwidth fullwidth-box fusion-builder-row-1 fusion-flex-container nonhundred-percent-fullwidth non-hundred-percent-height-scrolling\" style=\"--awb-border-radius-top-left:0px;--awb-border-radius-top-right:0px;--awb-border-radius-bottom-right:0px;--awb-border-radius-bottom-left:0px;--awb-flex-wrap:wrap;\" ><div class=\"fusion-builder-row fusion-row fusion-flex-align-items-flex-start fusion-flex-content-wrap\" style=\"max-width:1419.6px;margin-left: calc(-4% \/ 2 );margin-right: calc(-4% \/ 2 );\"><div class=\"fusion-layout-column fusion_builder_column fusion-builder-column-0 fusion_builder_column_1_1 1_1 fusion-flex-column\" style=\"--awb-bg-blend:overlay;--awb-bg-size:cover;--awb-width-large:100%;--awb-margin-top-large:0px;--awb-spacing-right-large:1.92%;--awb-margin-bottom-large:0px;--awb-spacing-left-large:1.92%;--awb-width-medium:100%;--awb-spacing-right-medium:1.92%;--awb-spacing-left-medium:1.92%;--awb-width-small:100%;--awb-spacing-right-small:1.92%;--awb-spacing-left-small:1.92%;\"><div class=\"fusion-column-wrapper fusion-flex-justify-content-flex-start fusion-content-layout-column\"><div class=\"fusion-text fusion-text-1\"><\/p>\n<p>Name und Anschrift des Verantwortlichen:<\/p>\n<p>Der Verantwortliche im Sinne der EU-Datenschutz-Grundverordnung sowie sonstiger datenschutzrechtlicher Bestimmungen ist:<\/p>\n<p>Christin Steinmeier<br><span style=\"color: var(--awb-text-color); font-family: var(--awb-text-font-family); font-size: var(--awb-font-size); font-style: var(--awb-text-font-style); font-weight: var(--awb-text-font-weight); letter-spacing: var(--awb-letter-spacing); text-align: var(--awb-content-alignment); text-transform: var(--awb-text-transform); background-color: var(--awb-bg-color-hover);\">Schillerstra\u00dfe 5<br><\/span><span style=\"color: var(--awb-text-color); font-family: var(--awb-text-font-family); font-size: var(--awb-font-size); font-style: var(--awb-text-font-style); font-weight: var(--awb-text-font-weight); letter-spacing: var(--awb-letter-spacing); text-align: var(--awb-content-alignment); text-transform: var(--awb-text-transform); background-color: var(--awb-bg-color-hover);\">32052 Herford<br><\/span><span style=\"color: var(--awb-text-color); font-family: var(--awb-text-font-family); font-size: var(--awb-font-size); font-style: var(--awb-text-font-style); font-weight: var(--awb-text-font-weight); letter-spacing: var(--awb-letter-spacing); text-align: var(--awb-content-alignment); text-transform: var(--awb-text-transform); background-color: var(--awb-bg-color-hover);\">Deutschland<br><\/span><span style=\"color: var(--awb-text-color); font-family: var(--awb-text-font-family); font-size: var(--awb-font-size); font-style: var(--awb-text-font-style); font-weight: var(--awb-text-font-weight); letter-spacing: var(--awb-letter-spacing); text-align: var(--awb-content-alignment); text-transform: var(--awb-text-transform); background-color: var(--awb-bg-color-hover);\">Tel.: +49 (0) 172 75 28 28 3<br><\/span><span style=\"color: var(--awb-text-color); font-family: var(--awb-text-font-family); font-size: var(--awb-font-size); font-style: var(--awb-text-font-style); font-weight: var(--awb-text-font-weight); letter-spacing: var(--awb-letter-spacing); text-align: var(--awb-content-alignment); text-transform: var(--awb-text-transform); background-color: var(--awb-bg-color-hover);\">E-Mail: christin@wyde.dog<br><\/span><span style=\"color: var(--awb-text-color); font-family: var(--awb-text-font-family); font-size: var(--awb-font-size); font-style: var(--awb-text-font-style); font-weight: var(--awb-text-font-weight); letter-spacing: var(--awb-letter-spacing); text-align: var(--awb-content-alignment); text-transform: var(--awb-text-transform); background-color: var(--awb-bg-color-hover);\">Website: www.wyde.dog<\/span><\/p>\n<p>Wir respektieren Ihre Daten!<\/p>\n<p>Wir freuen uns \u00fcber Ihr Interesse an unserem Internetauftritt. Das Vertrauen aller Besucher und Kunden, die Sicherheit Ihrer Daten und der Schutz Ihrer Privatsph\u00e4re sind f\u00fcr uns von zentraler Bedeutung. Ihre personenbezogenen Daten werden von uns daher gem\u00e4\u00df den g\u00fcltigen gesetzlichen Datenschutzvorschriften und dieser Datenschutzerkl\u00e4rung behandelt. Personenbezogene Daten sind Informationen, die dazu genutzt werden k\u00f6nnen, um Ihre Identit\u00e4t zu erfahren, wie beispielsweise Ihr richtiger Name, Ihre Adresse oder Ihre Telefonnummer. Wenn Sie unsere Seite ansehen und benutzen, ohne sich zu registrieren oder uns anderweitig ausdr\u00fccklich Informationen zu \u00fcbermitteln, verarbeiten wir die Daten, die uns mit jeder Anfrage Ihres Browsers \u00fcbermittelt werden (siehe unten \u201eProtokoll-Daten). Sofern Sie uns ausdr\u00fccklich personenbezogene Daten \u00fcbermitteln (z.B. \u00fcber unser Kontaktformular), erfolgt dies ausschlie\u00dflich zweckgebunden an die Anfrage bzw. den jeweiligen Auftrag. Wir weisen Sie darauf hin, dass die Daten\u00fcbertragung im Internet nie vollst\u00e4ndig gegen einen Zugriff durch Dritte gesch\u00fctzt werden kann. Nachfolgend m\u00f6chten wir Ihnen n\u00e4her erl\u00e4utern, welche Daten wir wann und zu welchem Zweck verarbeiten. Es wird erkl\u00e4rt, wie unsere angebotenen Dienste arbeiten und wie hierbei der Schutz Ihrer personenbezogenen Daten gew\u00e4hrleistet wird.<\/p>\n<p><b>Rechtsgrundlage f\u00fcr die Verarbeitung personenbezogener Daten<\/b><\/p>\n<p>Sofern wir f\u00fcr Verarbeitungsprozesse personenbezogener Daten eine Einwilligung der betroffenen Person einholen, dient Art. 6 Abs. 1 lit. a DSGVO als Rechtsgrundlage. F\u00fcr die Verarbeitung von personenbezogenen Daten, die zur Erf\u00fcllung eines Vertrages, dessen Vertragspartei die betroffene Person ist, erforderlich ist, dient Art. 6 Abs. 1 lit. b DSGVO als Rechtsgrundlage. Dies gilt auch f\u00fcr Verarbeitungsvorg\u00e4nge, die zur Durchf\u00fchrung vorvertraglicher Ma\u00dfnahmen erforderlich sind. Sofern eine Verarbeitung personenbezogener Daten zur Erf\u00fcllung einer rechtlichen Verpflichtung erforderlich ist, der unser Unternehmen unterliegt, dient Art. 6 Abs. 1 lit. c DSGVO als Rechtsgrundlage. F\u00fcr den Fall, dass lebenswichtige Interessen der betroffenen Person oder einer anderen nat\u00fcrlichen Person eine Verarbeitung personenbezogener Daten erforderlich machen, dient Art. 6 Abs. 1 lit. d DSGVO als Rechtsgrundlage. Ist die Verarbeitung zur Wahrung eines berechtigten Interesses unseres Unternehmens oder eines Dritten erforderlich und \u00fcberwiegen die Interessen, Grundrechte und Grundfreiheiten des Betroffenen das erstgenannte Interesse nicht, so dient Art. 6 Abs. 1 lit. f DSGVO als Rechtsgrundlage f\u00fcr die Datenverarbeitung.<\/p>\n<p><b>Datenl\u00f6schung und Speicherdauer<\/b><\/p>\n<p>Die personenbezogenen Daten der betroffenen Person werden gel\u00f6scht, sobald der Zweck der Speicherung entf\u00e4llt. Eine Speicherung kann dar\u00fcber hinaus erfolgen, wenn dies durch europ\u00e4ische oder nationale Gesetze oder sonstige Vorschriften, denen der Verantwortliche unterliegt, vorgesehen wurde. Eine Sperrung oder L\u00f6schung der Daten erfolgt auch dann, wenn eine durch die genannten Vorschriften vorgeschriebene Speicherfrist abl\u00e4uft, es sei denn, dass eine Erforderlichkeit zur weiteren Speicherung der Daten f\u00fcr einen Vertragsabschluss oder eine Vertragserf\u00fcllung besteht.<\/p>\n<p><b>Ihre Rechte<\/b><\/p>\n<p>Sie haben ein Recht auf unentgeltliche Auskunft \u00fcber die bei uns zu Ihrer Person gespeicherten Daten sowie ggf. ein Recht auf Berichtigung, Einschr\u00e4nkung der Verarbeitung oder L\u00f6schung dieser Daten. Ebenfalls haben Sie das Recht auf Daten\u00fcbertragbarkeit. Schlie\u00dflich haben Sie auch das Recht, sich \u00fcber die Verarbeitung Ihrer pers\u00f6nlichen Daten durch uns bei der Datenschutz-Aufsichtsbeh\u00f6rde zu beschweren. Wir weisen Sie zudem darauf hin, dass Sie der k\u00fcnftigen Verarbeitung Ihrer personenbezogenen Daten entsprechend den gesetzlichen Vorgaben gem. Art. 21 DSGVO zu jeder Zeit widersprechen k\u00f6nnen. Der Widerspruch kann insbesondere gegen die Verarbeitung f\u00fcr Zwecke der Direktwerbung erfolgen.<\/p>\n<p><b>Erteilung von Ausk\u00fcnften<\/b><\/p>\n<p>Bei Fragen zur Erhebung, Verarbeitung oder Nutzung Ihrer personenbezogenen Daten, f\u00fcr Ausk\u00fcnfte, f\u00fcr die Berichtigung, Sperrung oder L\u00f6schung von Daten sowie zum Widerruf ggf. erteilter Einwilligungen oder zum Widerspruch gegen eine bestimmte Datenverwendung wenden Sie sich bitte unter Verwendung der folgenden E-Mail-Adresse an uns: info(at)wyde.dog<\/p>\n<p><b>Protokoll-Daten<\/b><\/p>\n<p>Die automatische Erhebung und Speicherung von Protokoll-Daten durch den Anbieter der Internetdienste (Provider) erfolgt, weil die Verarbeitung dieser Daten technisch erforderlich ist, um Ihnen unsere Internetseite anzuzeigen sowie die Stabilit\u00e4t und Sicherheit zu gew\u00e4hrleisten. Die Protokoll-Daten umfassen folgende Informationen:<\/p>\n<p>\u2022 Datum und Uhrzeit der jeweiligen Anfrage<\/p>\n<p>\u2022 Internetadresse (URL), die angefragt wurde<\/p>\n<p>\u2022 URL, die der Besucher unmittelbar zuvor besucht hat<\/p>\n<p>\u2022 Verwendeter Browser und Sprache<\/p>\n<p>\u2022 Verwendetes Betriebssystem und dessen Oberfl\u00e4che<\/p>\n<p>\u2022 IP-Adresse und Hostname des Besuchers<\/p>\n<p>\u2022 Zugriffsstatus \/ http-Statuscode<\/p>\n<p>\u2022 Jeweils \u00fcbertragenen Datenmenge<\/p>\n<p>Die \u00dcbermittlung dieser Daten an uns erfolgt automatisch und k\u00f6nnen Ihrer Person mit verh\u00e4ltnism\u00e4\u00dfigen Aufwand nicht zugeordnet werden. Rechtsgrundlage der Verarbeitung dieser Daten ist unser berechtigtes Interesse gem\u00e4\u00df Art. 6 Absatz 1 Satz 1 lit. f DSGVO, denn diese Datenverarbeitungen sind zum Betrieb und zur Anzeige der Webseite notwendig. Die Daten werden gel\u00f6scht, sobald sie f\u00fcr die Erreichung des Zweckes ihrer Erhebung nicht mehr erforderlich sind. Im Falle der Erfassung der Daten zur Bereitstellung der Website ist dies der Fall, wenn die jeweilige Sitzung beendet ist. Die Erfassung der Daten zur Bereitstellung der Website und die Speicherung der Daten in Logfiles ist f\u00fcr den Betrieb der Internetseite zwingend erforderlich. Es besteht folglich seitens des Nutzers keine Widerspruchsm\u00f6glichkeit.<\/p>\n<p><b>Verschl\u00fcsselung durch SSL<\/b><\/p>\n<p>Aus Sicherheitsgr\u00fcnden benutzt unsere Website eine SSL-Verschl\u00fcsselung (Secure Sockets Layer). Damit werden \u00fcbertragene Daten gesch\u00fctzt und k\u00f6nnen nicht von Dritten gelesen werden. Sie k\u00f6nnen eine erfolgreiche Verschl\u00fcsselung daran erkennen, dass sich die Protokollbezeichnung im der Statusleiste des Browsers von \u201ehttp:\/\/\u201c in \u201ehttps:\/\/\u201c \u00e4ndert und dass dort ein geschlossenes Schloss-Symbol sichtbar ist.<\/p>\n<p><b>Kontaktformular<\/b><\/p>\n<p>\u00dcber das von uns bereitgestellte Kontaktformular k\u00f6nnen Sie elektronisch Kontakt mit uns aufnehmen. In unserem Kontaktformular ist gekennzeichnet, welche Daten freiwillig eingegeben werden k\u00f6nnen. Alle anderen Daten sind verpflichtend. Alle eingegebenen Daten werden bei uns gespeichert und ausschlie\u00dflich zum Zweck der Beantwortung Ihrer Anfragen genutzt. Dar\u00fcber hinaus werden Ihre IP-Adresse sowie Datum und Zeitpunkt Ihrer Registrierung gespeichert. Ihre personenbezogenen Daten werden gel\u00f6scht, sobald die Speicherung f\u00fcr diesen Zweck nicht mehr erforderlich ist oder wir schr\u00e4nken die Verarbeitung ein, falls gesetzliche Aufbewahrungspflichten bestehen. Rechtsgrundlage f\u00fcr die Verarbeitung der Daten ist die Durchf\u00fchrung einer vorvertraglichen Ma\u00dfnahme durch Ihre Anfrage gem. Art. 6 Abs. 1 lit. b DSGVO.<\/p>\n<p><b>ZOOM<\/b><\/p>\n<p>Zur Anmeldung und f\u00fcr die Durchf\u00fchrung unserer Webinare benutzen wir den Dienst ZOOM der ZOOM Video Communications Inc., 55 Almaden Blvd, Suite 600, San Jose, CA 95113, USA (nachfolgend \u201eZOOM\u201c). Bei Anmeldung zu einem Webinar \u00fcber das Anmeldeformular auf unserer Webseite werden die eingegebenen Daten an ZOOM in die USA \u00fcbertragen, die laut DSGVO als Drittland mit einem unsicheren Datenschutzniveau gelten, und dort verarbeitet. \u00dcber Art und Umfang der Verarbeitung sowie \u00fcber die Dauer der Speicherung durch ZOOM haben wir keine detaillierte Kenntnis. Wir haben mit ZOOM einen Vertrag zur Auftragsverarbeitung gem\u00e4\u00df Art. 28 DSGVO abgeschlossen. Rechtsgrundlage f\u00fcr diese Verarbeitung ist Art. 6 Abs. 1 S. 1 lit. b) DSGVO. Weitere Hinweise finden sich in den Datenschutzbestimmungen von ZOOM unter https:\/\/zoom.us\/de-de\/privacy.html<\/p>\n<p><b>Vimeo<\/b><\/p>\n<p>Wir verwenden auf dieser Internetseite gerne Videos. Videos sind eine gute M\u00f6glichkeit, um Inhalte besser zu transportieren und verst\u00e4ndlicher zu machen. Da ein lokales Hosting von Videos nicht leistungsf\u00e4hig genug ist, nutzen wir die M\u00f6glichkeit von externen Video-Anbietern.Wir verlinken auf die Videos der Plattform \u201cVimeo\u201d des Anbieters Vimeo Inc., Attention: Legal Department, 555 West 18th Street New York, New York 10011, USA. Datenschutzerkl\u00e4rung: https:\/\/vimeo.com\/privacy. Wir weisen darauf hin, dass Vimeo Google Analytics einsetzen kann und verweisen hierzu auf die Datenschutzerkl\u00e4rung (https:\/\/www.google.com\/policies\/privacy) sowie Opt-Out-M\u00f6glichkeiten f\u00fcr Google-Analytics (http:\/\/tools.google.com\/dlpage\/gaoptout?hl=de) oder die Einstellungen von Google f\u00fcr die Datennutzung zu Marketingzwecken (https:\/\/adssettings.google.com\/.).<\/p>\n<p><b>Webhosting \u00fcber STRATO<\/b><\/p>\n<p>Wir nutzen die Dienste der STRATO AG, Pascalstra\u00dfe 10, 10587 Berlin, Deutschland (\u201eSTRATOl\u201c) zum Webhosting f\u00fcr unsere Webseiten und haben dazu einen Vertrag zur Auftragsverarbeitung gem\u00e4\u00df Art. 28 DSGVO mit STRATO geschlossen. Weitere Informationen erhalten sie in der Datenschutzerkl\u00e4rung von STRATO unter https:\/\/www.strato.de\/datenschutz\/. Rechtsgrundlage ist unser berechtigtes Interesse des Betriebes und des Erhalts der Betriebssicherheit dieser Webseiten gem\u00e4\u00df Art. 6 Abs. 1 S. 1 lit. f DSGVO.<\/p>\n<p><b>Google Web Fonts<\/b><\/p>\n<p>Diese Webseite sogenannte Web Fonts, die von Google bereitgestellt werden. Dies erfolgt, um Schriftarten einheitlich darstellen zu k\u00f6nnen. Beim Aufruf einer Seite l\u00e4dt Ihr Browser die ben\u00f6tigten Web Fonts in ihren Browserspeicher. Zu diesem Zweck muss Ihr Browser keine Verbindung zu den Servern von Google in den USA herstellen, da wir die Schriften lokal gespeichert haben. Es erfolgt keine Verarbeitung personenbezogener Daten durch Dritte.<\/p>\n<p><b>Onlinepr\u00e4senz in sozialen Medien<\/b><\/p>\n<p>Wir unterhalten Onlinepr\u00e4senzen innerhalb sozialer Netzwerke und Plattformen, um mit den dort aktiven Kunden, Interessenten und Nutzern kommunizieren und sie dort \u00fcber unsere Leistungen informieren zu k\u00f6nnen. Beim Aufruf der jeweiligen Netzwerke und Plattformen gelten die Gesch\u00e4ftsbedingungen und die Datenverarbeitungsrichtlinien deren jeweiligen Betreiber. Soweit nicht anders im Rahmen unserer Datenschutzerkl\u00e4rung angegeben, verarbeiten wir die Daten der Nutzer sofern diese mit uns innerhalb der sozialen Netzwerke und Plattformen kommunizieren, z.B. Beitr\u00e4ge auf unseren Onlinepr\u00e4senzen verfassen oder uns Nachrichten zusenden.<\/p>\n<p><b>System- und Informationssicherheit<\/b><\/p>\n<p>Wir sichern unsere Website und unsere sonstigen Systeme durch technische und organisatorische Ma\u00dfnahmen gegen Verlust, Zerst\u00f6rung, Zugriff, Ver\u00e4nderung oder Verbreitung der gespeicherten Daten durch unbefugte Personen. Trotz Kontrollen ist ein vollst\u00e4ndiger Schutz gegen alle Gefahren jedoch nicht m\u00f6glich. Schon alleine durch die Anbindung an das Internet und die sich daraus ergebenden technischen M\u00f6glichkeiten kann keine Gew\u00e4hr daf\u00fcr \u00fcbernommen werden, dass Inhalte und der Informationsfluss nicht von Dritten eingesehen und aufgezeichnet werden.<\/p>\n<p><b>Widerspruch gegen unerlaubte Werbung per E-Mail<\/b><\/p>\n<p>Im Rahmen der Impressumspflicht gem\u00e4\u00df \u00a7 5 TMG haben wir auf unserer Website allgemeine Kontaktdaten sowie eine E-Mail-Adresse ver\u00f6ffentlicht. Wir widersprechen hiermit der Nutzung dieser Kontaktdaten f\u00fcr die unaufgeforderte \u00dcbersendung von Informationsmaterialien, Werbung oder Spam-Mails, die wir nicht explizit angefordert haben.<\/p>\n<p><b>Stand und Aktualisierung dieser Datenschutzerkl\u00e4rung<\/b><\/p>\n<p style=\"--fontsize: 28; line-height: 1.35;\"><span style=\"color: var(--awb-text-color); font-family: var(--awb-text-font-family); font-size: var(--awb-font-size); font-style: var(--awb-text-font-style); font-weight: var(--awb-text-font-weight); letter-spacing: var(--awb-letter-spacing); text-align: var(--awb-content-alignment); text-transform: var(--awb-text-transform); background-color: var(--awb-bg-color-hover);\">Diese Datenschutzerkl\u00e4rung hat den Stand vom 17.06.2019. Wir behalten uns vor, die Datenschutzerkl\u00e4rung zu gegebener Zeit zu aktualisieren, um den Datenschutz zu verbessern und\/oder an ge\u00e4nderte Beh\u00f6rdenpraxis oder Rechtsprechung anzupassen.<\/span><\/p><\/p>\n<\/div><\/div><\/div><\/div><\/div>","protected":false},"excerpt":{"rendered":"","protected":false},"author":1,"featured_media":0,"parent":0,"menu_order":0,"comment_status":"closed","ping_status":"closed","template":"","meta":{"footnotes":""},"_links":{"self":[{"href":"https:\/\/dev.wyde.dog\/index.php\/wp-json\/wp\/v2\/pages\/3"}],"collection":[{"href":"https:\/\/dev.wyde.dog\/index.php\/wp-json\/wp\/v2\/pages"}],"about":[{"href":"https:\/\/dev.wyde.dog\/index.php\/wp-json\/wp\/v2\/types\/page"}],"author":[{"embeddable":true,"href":"https:\/\/dev.wyde.dog\/index.php\/wp-json\/wp\/v2\/users\/1"}],"replies":[{"embeddable":true,"href":"https:\/\/dev.wyde.dog\/index.php\/wp-json\/wp\/v2\/comments?post=3"}],"version-history":[{"count":3,"href":"https:\/\/dev.wyde.dog\/index.php\/wp-json\/wp\/v2\/pages\/3\/revisions"}],"predecessor-version":[{"id":2602,"href":"https:\/\/dev.wyde.dog\/index.php\/wp-json\/wp\/v2\/pages\/3\/revisions\/2602"}],"wp:attachment":[{"href":"https:\/\/dev.wyde.dog\/index.php\/wp-json\/wp\/v2\/media?parent=3"}],"curies":[{"name":"wp","href":"https:\/\/api.w.org\/{rel}","templated":true}]}}