{"id":412,"date":"2020-04-29T18:28:34","date_gmt":"2020-04-29T18:28:34","guid":{"rendered":"https:\/\/development.wyde.dog\/?page_id=412"},"modified":"2024-02-11T21:59:22","modified_gmt":"2024-02-11T21:59:22","slug":"ueber_mich","status":"publish","type":"page","link":"https:\/\/dev.wyde.dog\/index.php\/ueber_mich\/","title":{"rendered":"\u00dcber mich"},"content":{"rendered":"<p><div class=\"fusion-fullwidth fullwidth-box fusion-builder-row-1 fusion-flex-container nonhundred-percent-fullwidth non-hundred-percent-height-scrolling\" style=\"--awb-border-radius-top-left:0px;--awb-border-radius-top-right:0px;--awb-border-radius-bottom-right:0px;--awb-border-radius-bottom-left:0px;--awb-margin-bottom:30px;--awb-flex-wrap:wrap;\" ><div class=\"fusion-builder-row fusion-row fusion-flex-align-items-flex-start fusion-flex-content-wrap\" style=\"max-width:1419.6px;margin-left: calc(-4% \/ 2 );margin-right: calc(-4% \/ 2 );\"><div class=\"fusion-layout-column fusion_builder_column fusion-builder-column-0 fusion_builder_column_1_3 1_3 fusion-flex-column fusion-animated\" style=\"--awb-bg-size:cover;--awb-width-large:33.333333333333%;--awb-margin-top-large:0px;--awb-spacing-right-large:7.68%;--awb-margin-bottom-large:20px;--awb-spacing-left-large:5.76%;--awb-width-medium:33.333333333333%;--awb-spacing-right-medium:7.68%;--awb-spacing-left-medium:5.76%;--awb-width-small:100%;--awb-spacing-right-small:1.92%;--awb-spacing-left-small:1.92%;\" data-animationType=\"fadeInUp\" data-animationDuration=\"0.8\" data-animationOffset=\"top-into-view\"><div class=\"fusion-column-wrapper fusion-column-has-shadow fusion-flex-justify-content-flex-start fusion-content-layout-column\"><div class=\"fusion-image-element \" style=\"--awb-aspect-ratio:2 \/ 3;--awb-object-position:48% 55%;--awb-caption-title-font-family:var(--h2_typography-font-family);--awb-caption-title-font-weight:var(--h2_typography-font-weight);--awb-caption-title-font-style:var(--h2_typography-font-style);--awb-caption-title-size:var(--h2_typography-font-size);--awb-caption-title-transform:var(--h2_typography-text-transform);--awb-caption-title-line-height:var(--h2_typography-line-height);--awb-caption-title-letter-spacing:var(--h2_typography-letter-spacing);\"><span class=\" fusion-imageframe imageframe-none imageframe-1 hover-type-none has-aspect-ratio\"><img decoding=\"async\" width=\"700\" height=\"467\" title=\"_DSC8702\" src=\"https:\/\/dev.wyde.dog\/wp-content\/uploads\/2020\/09\/DSC8702.jpg\" data-orig-src=\"https:\/\/development.wyde.dog\/wp-content\/uploads\/2020\/09\/DSC8702.jpg\" class=\"lazyload img-responsive wp-image-2174 img-with-aspect-ratio\" alt srcset=\"data:image\/svg+xml,%3Csvg%20xmlns%3D%27http%3A%2F%2Fwww.w3.org%2F2000%2Fsvg%27%20width%3D%27700%27%20height%3D%27467%27%20viewBox%3D%270%200%20700%20467%27%3E%3Crect%20width%3D%27700%27%20height%3D%27467%27%20fill-opacity%3D%220%22%2F%3E%3C%2Fsvg%3E\" data-srcset=\"https:\/\/dev.wyde.dog\/wp-content\/uploads\/2020\/09\/DSC8702-200x133.jpg 200w, https:\/\/dev.wyde.dog\/wp-content\/uploads\/2020\/09\/DSC8702-400x267.jpg 400w, https:\/\/dev.wyde.dog\/wp-content\/uploads\/2020\/09\/DSC8702-600x400.jpg 600w, https:\/\/dev.wyde.dog\/wp-content\/uploads\/2020\/09\/DSC8702.jpg 700w\" data-sizes=\"auto\" data-orig-sizes=\"(max-width: 800px) 100vw, 600px\" \/><\/span><\/div><\/div><\/div><div class=\"fusion-layout-column fusion_builder_column fusion-builder-column-1 fusion_builder_column_2_3 2_3 fusion-flex-column fusion-animated\" style=\"--awb-bg-size:cover;--awb-width-large:66.666666666667%;--awb-margin-top-large:0px;--awb-spacing-right-large:2.88%;--awb-margin-bottom-large:20px;--awb-spacing-left-large:7.68%;--awb-width-medium:66.666666666667%;--awb-spacing-right-medium:2.88%;--awb-spacing-left-medium:7.68%;--awb-width-small:100%;--awb-spacing-right-small:1.92%;--awb-spacing-left-small:1.92%;\" data-animationType=\"fadeInUp\" data-animationDuration=\"1.0\" data-animationOffset=\"top-into-view\"><div class=\"fusion-column-wrapper fusion-column-has-shadow fusion-flex-justify-content-flex-start fusion-content-layout-column\"><div class=\"fusion-title title fusion-title-1 fusion-sep-none fusion-title-text fusion-title-size-three\"><h3 class=\"fusion-title-heading title-heading-left fusion-responsive-typography-calculated\" style=\"margin:0;--fontSize:16;line-height:1.3;\">Lerne mich besser kennen<\/h3><\/div><div class=\"fusion-title title fusion-title-2 fusion-sep-none fusion-title-text fusion-title-size-two\" style=\"--awb-text-color:#000000;\"><h2 class=\"fusion-title-heading title-heading-left fusion-responsive-typography-calculated\" style=\"margin:0;--fontSize:30;line-height:1.35;\">Meine Geschichte<\/h2><\/div><div class=\"fusion-separator fusion-no-large-visibility fusion-full-width-sep\" style=\"align-self: center;margin-left: auto;margin-right: auto;margin-bottom:3%;width:100%;\"><\/div><div class=\"fusion-text fusion-text-1 awb-text-cols fusion-text-columns-2\" style=\"--awb-columns:2;--awb-column-spacing:9%;--awb-column-min-width:250px;\"><p>Ich stand auch schon einmal auf der Seite, auf der du gerade stehst. Der eigene Hund ist ein Abenteuer, total aufregend und steckt voller \u00dcberraschungen. Das Zusammenleben mit ihm ist nicht immer einfach und h\u00e4ufig hegte ich den Wunsch nach professioneller Unterst\u00fctzung. Ich las mir die &#8222;\u00dcber mich&#8220; Seiten vieler Hundetrainer:innen durch, buchte Stunden bei ihnen und saugte jede Information \u00fcber das Hundetraining auf, die ich ergattern konnte. Schnell merkte ich, dass mir das Wie? nicht reichte. Ich war durstig nach dem Warum?<\/p>\n<p>So begann ich nach meinem BWL-Studium und neben der Arbeit als Personalerin das Studium als Hundetrainer:in an der Akademie f\u00fcr Tiernaturheilkunde. Auf den dort stattfindenden Praxisseminaren traf ich auf viele tolle Trainer:innen und Dozent:innen, die mein Warum? endlich beantworten konnten und die mich auch in der Entwicklung mit meinem eigenen Hund riesige Schritte vorangebracht haben. Denn auch f\u00fcr uns Hundetrainer:innen ist der eigene Hund manchmal eine Herausforderung, die es sowohl als Trainer:in, aber auch als Halter:in, zu meistern gilt.Mein fleischgewordener Beweis daf\u00fcr hei\u00dft Malcom. Er begleitet mich seit 2013, ist eine griechische Herdenschutzmischung aus dem Tierschutz und hat mich so manchen Schwei\u00df und Tr\u00e4nen gekostet. Aggressionsverhalten gegen\u00fcber Menschen, Angst vor lauten Ger\u00e4uschen und die Verteidigung von Ressourcen sind nur drei von vielen Baustellen, an denen wir gearbeitet haben und dies bis heute tun. Dennoch ist er mein treuer Begleiter, mein Besch\u00fctzer und vom Grunde seines Herzens ein Riesenbaby. Er ist ein wesentlicher Grund daf\u00fcr, dass ich nun selbst die Wie&#8217;s und Warum&#8217;s f\u00fcr andere Hundehalter:innen beantworte.<\/p>\n<\/div><div class=\"fusion-separator fusion-full-width-sep\" style=\"align-self: center;margin-left: auto;margin-right: auto;margin-bottom:3%;width:100%;\"><\/div><\/div><\/div><\/div><\/div><div class=\"fusion-fullwidth fullwidth-box fusion-builder-row-2 fusion-flex-container fusion-parallax-fixed hundred-percent-fullwidth non-hundred-percent-height-scrolling lazyload\" style=\"--awb-border-radius-top-left:0px;--awb-border-radius-top-right:0px;--awb-border-radius-bottom-right:0px;--awb-border-radius-bottom-left:0px;--awb-padding-top:160px;--awb-padding-right:60px;--awb-padding-bottom:160px;--awb-padding-left:60px;--awb-margin-bottom:30px;--awb-background-image:linear-gradient(180deg, rgba(0,0,0,0.12) 0%,rgba(0,0,0,0.4) 100%);;--awb-background-size:cover;--awb-flex-wrap:wrap;background-attachment:fixed;\" data-bg=\"https:\/\/development.wyde.dog\/wp-content\/uploads\/2023\/08\/Wie_lernt_mein_Hund.jpg\" data-bg-gradient=\"linear-gradient(180deg, rgba(0,0,0,0.12) 0%,rgba(0,0,0,0.4) 100%)\" ><div class=\"fusion-builder-row fusion-row fusion-flex-align-items-flex-start fusion-flex-content-wrap\" style=\"width:calc( 100% + 0px ) !important;max-width:calc( 100% + 0px ) !important;margin-left: calc(-0px \/ 2 );margin-right: calc(-0px \/ 2 );\"><div class=\"fusion-layout-column fusion_builder_column fusion-builder-column-2 fusion_builder_column_1_1 1_1 fusion-flex-column fusion-animated\" style=\"--awb-bg-size:cover;--awb-width-large:100%;--awb-margin-top-large:0px;--awb-spacing-right-large:0px;--awb-margin-bottom-large:0px;--awb-spacing-left-large:0px;--awb-width-medium:100%;--awb-spacing-right-medium:0px;--awb-spacing-left-medium:0px;--awb-width-small:100%;--awb-spacing-right-small:0px;--awb-spacing-left-small:0px;\" data-animationType=\"fadeIn\" data-animationDuration=\"1.0\" data-animationOffset=\"top-into-view\"><div class=\"fusion-column-wrapper fusion-column-has-shadow fusion-flex-justify-content-center fusion-content-layout-column\"><div class=\"fusion-title title fusion-title-3 fusion-sep-none fusion-title-center fusion-title-text fusion-title-size-three\" style=\"--awb-text-color:#ffffff;\"><h3 class=\"fusion-title-heading title-heading-center fusion-responsive-typography-calculated\" style=\"margin:0;--fontSize:16;line-height:1.3;\"><p style=\"text-align: center;\">NOCH NICHT \u00dcBERZEUGT?<\/p><\/h3><\/div><div class=\"fusion-title title fusion-title-4 fusion-sep-none fusion-title-center fusion-title-text fusion-title-size-two\" style=\"--awb-text-color:#ffffff;--awb-margin-bottom:35px;--awb-margin-bottom-small:30px;--awb-margin-bottom-medium:30px;\"><h2 class=\"fusion-title-heading title-heading-center fusion-responsive-typography-calculated\" style=\"margin:0;--fontSize:30;line-height:1.35;\">Meine Qualifikationen<\/h2><\/div><div style=\"text-align:center;\"><a class=\"fusion-button button-flat button-large button-default fusion-button-default button-1 fusion-button-default-span fusion-button-default-type\" target=\"_self\" id=\"qualifikation\"><span class=\"fusion-button-text\">Erfahre mehr<\/span><\/a><\/div><\/div><\/div><\/div><\/div><div class=\"fusion-fullwidth fullwidth-box fusion-builder-row-3 fusion-flex-container nonhundred-percent-fullwidth non-hundred-percent-height-scrolling\" style=\"--awb-border-radius-top-left:0px;--awb-border-radius-top-right:0px;--awb-border-radius-bottom-right:0px;--awb-border-radius-bottom-left:0px;--awb-margin-bottom:45px;--awb-flex-wrap:wrap;\" ><div class=\"fusion-builder-row fusion-row fusion-flex-align-items-flex-start fusion-flex-content-wrap\" style=\"max-width:calc( 1365px + 45px );margin-left: calc(-45px \/ 2 );margin-right: calc(-45px \/ 2 );\"><div class=\"fusion-layout-column fusion_builder_column fusion-builder-column-3 fusion_builder_column_1_1 1_1 fusion-flex-column fusion-animated\" style=\"--awb-bg-size:cover;--awb-width-large:100%;--awb-margin-top-large:0px;--awb-spacing-right-large:22.5px;--awb-margin-bottom-large:4%;--awb-spacing-left-large:22.5px;--awb-width-medium:100%;--awb-spacing-right-medium:22.5px;--awb-spacing-left-medium:22.5px;--awb-width-small:100%;--awb-spacing-right-small:22.5px;--awb-spacing-left-small:22.5px;\" data-animationType=\"fadeIn\" data-animationDuration=\"1.0\" data-animationOffset=\"top-into-view\"><div class=\"fusion-column-wrapper fusion-column-has-shadow fusion-flex-justify-content-flex-start fusion-content-layout-column\"><div class=\"fusion-title title fusion-title-5 fusion-sep-none fusion-title-center fusion-title-text fusion-title-size-three\" style=\"--awb-text-color:var(--awb-color4);--awb-margin-bottom:0px;\"><h3 class=\"fusion-title-heading title-heading-center fusion-responsive-typography-calculated\" style=\"margin:0;--fontSize:16;line-height:1.3;\">Lerne mehr \u00fcber meine Trainingsphilosophie<\/h3><\/div><div class=\"fusion-title title fusion-title-6 fusion-sep-none fusion-title-center fusion-title-text fusion-title-size-two\" style=\"--awb-text-color:#000000;--awb-margin-bottom:1%;\"><h2 class=\"fusion-title-heading title-heading-center fusion-responsive-typography-calculated\" style=\"margin:0;--fontSize:30;line-height:1.35;\">Das WYDE-Konzept<\/h2><\/div><div class=\"fusion-builder-row fusion-builder-row-inner fusion-row fusion-flex-align-items-flex-start fusion-flex-content-wrap\" style=\"width:calc( 100% + 45px ) !important;max-width:calc( 100% + 45px ) !important;margin-left: calc(-45px \/ 2 );margin-right: calc(-45px \/ 2 );\"><div class=\"fusion-layout-column fusion_builder_column_inner fusion-builder-nested-column-0 fusion_builder_column_inner_1_3 1_3 fusion-flex-column\" style=\"--awb-bg-size:cover;--awb-width-large:33.333333333333%;--awb-margin-top-large:0px;--awb-spacing-right-large:22.5px;--awb-margin-bottom-large:20px;--awb-spacing-left-large:22.5px;--awb-width-medium:33.333333333333%;--awb-order-medium:0;--awb-spacing-right-medium:22.5px;--awb-spacing-left-medium:22.5px;--awb-width-small:100%;--awb-order-small:0;--awb-spacing-right-small:22.5px;--awb-spacing-left-small:22.5px;\"><div class=\"fusion-column-wrapper fusion-column-has-shadow fusion-flex-justify-content-flex-start fusion-content-layout-column\"><div class=\"fusion-image-element \" style=\"--awb-aspect-ratio:2 \/ 3;--awb-object-position:45% 40%;--awb-caption-title-font-family:var(--h2_typography-font-family);--awb-caption-title-font-weight:var(--h2_typography-font-weight);--awb-caption-title-font-style:var(--h2_typography-font-style);--awb-caption-title-size:var(--h2_typography-font-size);--awb-caption-title-transform:var(--h2_typography-text-transform);--awb-caption-title-line-height:var(--h2_typography-line-height);--awb-caption-title-letter-spacing:var(--h2_typography-letter-spacing);\"><span class=\" fusion-imageframe imageframe-none imageframe-2 hover-type-none has-aspect-ratio\"><img decoding=\"async\" width=\"2552\" height=\"2560\" title=\"_DSC8361 &#8211; Kopie\" src=\"https:\/\/dev.wyde.dog\/wp-content\/uploads\/2020\/09\/DSC8361-Kopie-scaled.jpg\" data-orig-src=\"https:\/\/development.wyde.dog\/wp-content\/uploads\/2020\/09\/DSC8361-Kopie-scaled.jpg\" class=\"lazyload img-responsive wp-image-2172 img-with-aspect-ratio\" alt srcset=\"data:image\/svg+xml,%3Csvg%20xmlns%3D%27http%3A%2F%2Fwww.w3.org%2F2000%2Fsvg%27%20width%3D%272552%27%20height%3D%272560%27%20viewBox%3D%270%200%202552%202560%27%3E%3Crect%20width%3D%272552%27%20height%3D%272560%27%20fill-opacity%3D%220%22%2F%3E%3C%2Fsvg%3E\" data-srcset=\"https:\/\/dev.wyde.dog\/wp-content\/uploads\/2020\/09\/DSC8361-Kopie-200x201.jpg 200w, https:\/\/dev.wyde.dog\/wp-content\/uploads\/2020\/09\/DSC8361-Kopie-400x401.jpg 400w, https:\/\/dev.wyde.dog\/wp-content\/uploads\/2020\/09\/DSC8361-Kopie-600x602.jpg 600w, https:\/\/dev.wyde.dog\/wp-content\/uploads\/2020\/09\/DSC8361-Kopie-800x803.jpg 800w, https:\/\/dev.wyde.dog\/wp-content\/uploads\/2020\/09\/DSC8361-Kopie-1200x1204.jpg 1200w, https:\/\/dev.wyde.dog\/wp-content\/uploads\/2020\/09\/DSC8361-Kopie-scaled.jpg 2552w\" data-sizes=\"auto\" data-orig-sizes=\"(max-width: 800px) 100vw, 600px\" \/><\/span><\/div><\/div><\/div><div class=\"fusion-layout-column fusion_builder_column_inner fusion-builder-nested-column-1 fusion_builder_column_inner_2_3 2_3 fusion-flex-column\" style=\"--awb-bg-size:cover;--awb-width-large:66.666666666667%;--awb-margin-top-large:0px;--awb-spacing-right-large:22.5px;--awb-margin-bottom-large:20px;--awb-spacing-left-large:22.5px;--awb-width-medium:66.666666666667%;--awb-order-medium:0;--awb-spacing-right-medium:22.5px;--awb-spacing-left-medium:22.5px;--awb-width-small:100%;--awb-order-small:0;--awb-spacing-right-small:22.5px;--awb-spacing-left-small:22.5px;\"><div class=\"fusion-column-wrapper fusion-column-has-shadow fusion-flex-justify-content-flex-start fusion-content-layout-column\"><div class=\"fusion-text fusion-text-2 awb-text-cols fusion-text-columns-2\" style=\"--awb-columns:2;--awb-column-spacing:9%;--awb-column-min-width:250px;\"><p>Jeder von uns m\u00f6chte, dass es seinem Hund gut geht und dass wir eine enge Beziehung zu ihm haben. Meiner Ansicht nach funktioniert das am Besten \u00fcber das Lernen mit positiver Verst\u00e4rkung. Wir zeigen unserem Hund, dass sich das von uns erw\u00fcnschte Verhalten f\u00fcr ihn lohnt. Kann er im Moment kein erw\u00fcnschtes Verhalten zeigen, bestrafen wir ihn nicht, sondern bringen ihm ein alternatives Verhalten bei. Der Hund kann erst dann gutes Verhalten zeigen, wenn er gelernt hat, wie dieses aussieht. Also bringen wir es ihm doch bei! Was denkst du?<\/p>\n<p>Ein kleiner Ausflug in das Leben deines Hundes: Stell dir vor du bekommst den Auftrag die Cafeteria in einem dir unbekannten Museum zu finden. Es gibt zwei Arten dort hinzukommen: Die erste w\u00e4re du klopfst an jede T\u00fcr und bekommst immer eine unangenehme R\u00fcckmeldung, wenn du den falschen Weg gehst. In der Cafeteria angekommen, h\u00f6rst du deine Freunde sagen &#8222;Das wurde aber auch Zeit!&#8220;. Die zweite w\u00e4re, jemand beschreibt dir den Weg und du folgst dieser Beschreibung. In der Cafeteria wirst du mit einem Gratismuffin belohnt. Was glaubst du: Auf welche Weise kommst du schneller an dein Ziel? Wie ist deine Stimmung, wenn du ankommst? W\u00fcrdest du den gleichen Weg noch einmal gehen?<\/p>\n<p>Der zweite Weg wird im Hundetraining als &#8222;positive Verst\u00e4rkung&#8220; bezeichnet und geh\u00f6rt zu dem Trainingsansatz die &#8222;Welt aus den Augen deines Hundes&#8220; zu sehen. Das Cafeteria Beispiel verdeutlicht, warum ich diesen Ansatz als sinnvoll f\u00fcr eine effektive, effiziente und vor allem erfolgreiche Zusammenarbeit zwischen Hund und Mensch empfinde, ohne das Wohlbefinden des Hundes zu vernachl\u00e4ssigen. Wenn du auch dieser Meinung bist, dass freue ich mich darauf dich zum Wegweiser zu machen und gemeinsam Muffins zu backen.<\/p>\n<\/div><\/div><\/div><\/div><\/div><\/div><\/div><\/div><div class=\"fusion-fullwidth fullwidth-box fusion-builder-row-4 fusion-flex-container has-pattern-background has-mask-background nonhundred-percent-fullwidth non-hundred-percent-height-scrolling\" style=\"--awb-border-radius-top-left:0px;--awb-border-radius-top-right:0px;--awb-border-radius-bottom-right:0px;--awb-border-radius-bottom-left:0px;--awb-flex-wrap:wrap;\" ><div class=\"fusion-builder-row fusion-row fusion-flex-align-items-flex-start fusion-flex-content-wrap\" style=\"max-width:1419.6px;margin-left: calc(-4% \/ 2 );margin-right: calc(-4% \/ 2 );\"><div class=\"fusion-layout-column fusion_builder_column fusion-builder-column-4 fusion_builder_column_1_1 1_1 fusion-flex-column\" style=\"--awb-bg-size:cover;--awb-width-large:100%;--awb-margin-top-large:0px;--awb-spacing-right-large:1.92%;--awb-margin-bottom-large:20px;--awb-spacing-left-large:1.92%;--awb-width-medium:100%;--awb-order-medium:0;--awb-spacing-right-medium:1.92%;--awb-spacing-left-medium:1.92%;--awb-width-small:100%;--awb-order-small:0;--awb-spacing-right-small:1.92%;--awb-spacing-left-small:1.92%;\"><div class=\"fusion-column-wrapper fusion-column-has-shadow fusion-flex-justify-content-flex-start fusion-content-layout-column\"><div class=\"fusion-title title fusion-title-7 fusion-sep-none fusion-title-center fusion-title-text fusion-title-size-three\"><h3 class=\"fusion-title-heading title-heading-center fusion-responsive-typography-calculated\" style=\"margin:0;--fontSize:16;line-height:1.3;\">Meine Trainingsmethoden werden durch Verb\u00e4nde &amp; Vereine regelm\u00e4\u00dfig gepr\u00fcft<\/h3><\/div><div class=\"fusion-title title fusion-title-8 fusion-sep-none fusion-title-center fusion-title-text fusion-title-size-two\"><h2 class=\"fusion-title-heading title-heading-center fusion-responsive-typography-calculated\" style=\"margin:0;--fontSize:30;line-height:1.35;\">Mitgliedschaften<\/h2><\/div><div class=\"fusion-image-carousel fusion-image-carousel-auto fusion-image-carousel-1 fusion-carousel-border\"><div class=\"awb-carousel awb-swiper awb-swiper-carousel\" data-autoplay=\"no\" data-columns=\"5\" data-itemmargin=\"13\" data-itemwidth=\"180\" data-touchscroll=\"no\" data-imagesize=\"auto\"><div class=\"swiper-wrapper awb-image-carousel-wrapper fusion-flex-align-items-center\"><div class=\"swiper-slide\"><div class=\"fusion-carousel-item-wrapper\"><div class=\"fusion-image-wrapper hover-type-none\"><img decoding=\"async\" width=\"1181\" height=\"598\" src=\"https:\/\/dev.wyde.dog\/wp-content\/uploads\/2020\/09\/logo-ibh-transparent.png\" class=\"attachment-full size-full lazyload\" alt=\"\" srcset=\"data:image\/svg+xml,%3Csvg%20xmlns%3D%27http%3A%2F%2Fwww.w3.org%2F2000%2Fsvg%27%20width%3D%271181%27%20height%3D%27598%27%20viewBox%3D%270%200%201181%20598%27%3E%3Crect%20width%3D%271181%27%20height%3D%27598%27%20fill-opacity%3D%220%22%2F%3E%3C%2Fsvg%3E\" data-orig-src=\"https:\/\/dev.wyde.dog\/wp-content\/uploads\/2020\/09\/logo-ibh-transparent.png\" data-srcset=\"https:\/\/dev.wyde.dog\/wp-content\/uploads\/2020\/09\/logo-ibh-transparent-200x101.png 200w, https:\/\/dev.wyde.dog\/wp-content\/uploads\/2020\/09\/logo-ibh-transparent-400x203.png 400w, https:\/\/dev.wyde.dog\/wp-content\/uploads\/2020\/09\/logo-ibh-transparent-600x304.png 600w, https:\/\/dev.wyde.dog\/wp-content\/uploads\/2020\/09\/logo-ibh-transparent-800x405.png 800w, https:\/\/dev.wyde.dog\/wp-content\/uploads\/2020\/09\/logo-ibh-transparent.png 1181w\" data-sizes=\"auto\" \/><\/div><\/div><\/div><div class=\"swiper-slide\"><div class=\"fusion-carousel-item-wrapper\"><div class=\"fusion-image-wrapper hover-type-none\"><img decoding=\"async\" width=\"350\" height=\"350\" src=\"https:\/\/dev.wyde.dog\/wp-content\/uploads\/2024\/02\/Logo_trainieren-statt-dominieren-350x350-1.png\" class=\"attachment-full size-full lazyload\" alt=\"\" srcset=\"data:image\/svg+xml,%3Csvg%20xmlns%3D%27http%3A%2F%2Fwww.w3.org%2F2000%2Fsvg%27%20width%3D%27350%27%20height%3D%27350%27%20viewBox%3D%270%200%20350%20350%27%3E%3Crect%20width%3D%27350%27%20height%3D%27350%27%20fill-opacity%3D%220%22%2F%3E%3C%2Fsvg%3E\" data-orig-src=\"https:\/\/dev.wyde.dog\/wp-content\/uploads\/2024\/02\/Logo_trainieren-statt-dominieren-350x350-1.png\" data-srcset=\"https:\/\/dev.wyde.dog\/wp-content\/uploads\/2024\/02\/Logo_trainieren-statt-dominieren-350x350-1-200x200.png 200w, https:\/\/dev.wyde.dog\/wp-content\/uploads\/2024\/02\/Logo_trainieren-statt-dominieren-350x350-1.png 350w\" data-sizes=\"auto\" \/><\/div><\/div><\/div><div class=\"swiper-slide\"><div class=\"fusion-carousel-item-wrapper\"><div class=\"fusion-image-wrapper hover-type-none\"><img decoding=\"async\" width=\"200\" height=\"200\" src=\"data:image\/svg+xml,%3Csvg%20xmlns%3D%27http%3A%2F%2Fwww.w3.org%2F2000%2Fsvg%27%20width%3D%27200%27%20height%3D%27200%27%20viewBox%3D%270%200%20200%20200%27%3E%3Crect%20width%3D%27200%27%20height%3D%27200%27%20fill-opacity%3D%220%22%2F%3E%3C%2Fsvg%3E\" class=\"attachment-full size-full lazyload\" alt=\"\" data-orig-src=\"https:\/\/dev.wyde.dog\/wp-content\/uploads\/2020\/09\/igh_d_logo.jpg\" \/><\/div><\/div><\/div><\/div><div class=\"awb-swiper-button awb-swiper-button-prev\"><i class=\"awb-icon-angle-left\" aria-hidden=\"true\"><\/i><\/div><div class=\"awb-swiper-button awb-swiper-button-next\"><i class=\"awb-icon-angle-right\" aria-hidden=\"true\"><\/i><\/div><\/div><\/div><\/div><\/div><\/div><\/div><\/p>\n","protected":false},"excerpt":{"rendered":"","protected":false},"author":1,"featured_media":0,"parent":0,"menu_order":0,"comment_status":"closed","ping_status":"closed","template":"100-width.php","meta":{"footnotes":""},"_links":{"self":[{"href":"https:\/\/dev.wyde.dog\/index.php\/wp-json\/wp\/v2\/pages\/412"}],"collection":[{"href":"https:\/\/dev.wyde.dog\/index.php\/wp-json\/wp\/v2\/pages"}],"about":[{"href":"https:\/\/dev.wyde.dog\/index.php\/wp-json\/wp\/v2\/types\/page"}],"author":[{"embeddable":true,"href":"https:\/\/dev.wyde.dog\/index.php\/wp-json\/wp\/v2\/users\/1"}],"replies":[{"embeddable":true,"href":"https:\/\/dev.wyde.dog\/index.php\/wp-json\/wp\/v2\/comments?post=412"}],"version-history":[{"count":24,"href":"https:\/\/dev.wyde.dog\/index.php\/wp-json\/wp\/v2\/pages\/412\/revisions"}],"predecessor-version":[{"id":2550,"href":"https:\/\/dev.wyde.dog\/index.php\/wp-json\/wp\/v2\/pages\/412\/revisions\/2550"}],"wp:attachment":[{"href":"https:\/\/dev.wyde.dog\/index.php\/wp-json\/wp\/v2\/media?parent=412"}],"curies":[{"name":"wp","href":"https:\/\/api.w.org\/{rel}","templated":true}]}}